{"id":1268,"date":"2024-12-18T18:01:53","date_gmt":"2024-12-18T18:01:53","guid":{"rendered":"https:\/\/bcits.eu\/?post_type=product&#038;p=1268"},"modified":"2024-12-18T18:04:43","modified_gmt":"2024-12-18T18:04:43","slug":"cable-adaptateur-sata-usb-3-0","status":"publish","type":"product","link":"https:\/\/bcits.eu\/index.php\/product\/cable-adaptateur-sata-usb-3-0\/","title":{"rendered":"C\u00e2ble Adaptateur Sata USB 3.0"},"content":{"rendered":"<ul class=\"a-unordered-list a-vertical a-spacing-mini\">\n<li class=\"a-spacing-mini\"><span class=\"a-list-item\">\u3010ACC\u00c9DEZ RAPIDEMENT \u00c0 UN SSD OU UN HDD SATA\u3011 : Ajoutez de l&#8217;espace disque \u00e0 votre ordinateur portable en connectant un SSD ou un HDD de 3,5&#8243; ou 2,5&#8243; \u00e0 l&#8217;aide de ce c\u00e2ble SATA vers USB. Vous pouvez ainsi connecter un lecteur externe pour ajouter de l&#8217;espace de stockage, effectuer des sauvegardes, cr\u00e9er des images de disque, mettre en \u0153uvre des r\u00e9cup\u00e9rations de donn\u00e9es et transf\u00e9rer du contenu vers votre ordinateur portable.<\/span><\/li>\n<li class=\"a-spacing-mini\"><span class=\"a-list-item\">\u3010VITESSES DE TRANSFERT RAPIDE AVEC UASP\u3011: L&#8217;adaptateur SATA vers USB prend en charge des vitesses de transfert de donn\u00e9es USB 3.0 allant jusqu&#8217;\u00e0 5 Gbps. Toutefois, lorsque connect\u00e9 \u00e0 un ordinateur qui prend \u00e9galement en charge UASP, vous pouvez b\u00e9n\u00e9ficier de vitesses de transfert jusqu&#8217;\u00e0 70 % plus rapides que l&#8217;USB 3.0 conventionnel.<\/span><\/li>\n<li class=\"a-spacing-mini\"><span class=\"a-list-item\">\u3010CONNECTEZ-VOUS DE N&#8217;IMPORTE O\u00d9\u3011: L&#8217;adaptateur USB pour disque dur est une solution portable qui se range facilement dans un sac pour ordinateur portable et ne n\u00e9cessite pas d&#8217;alimentation externe.<\/span><\/li>\n<li class=\"a-spacing-mini\"><span class=\"a-list-item\">\u3010PLUG AND PLAY\u3011 : Le c\u00e2ble de transfert de disque dur vous permet de basculer facilement entre les disques sans avoir besoin d&#8217;installer le disque \u00e0 l&#8217;int\u00e9rieur d&#8217;un bo\u00eetier. Il est plug-and-play et ne n\u00e9cessite pas de pilotes.<\/span><\/li>\n<li class=\"a-spacing-mini\"><span class=\"a-list-item\">\u3010ADAPTATEUR D&#8217;ALIMENTATION 12V 2A INCLUS\u3011: Ce c\u00e2ble de connecteur USB 3.0 vers SATA 22 broches est \u00e9quip\u00e9 d&#8217;un port DC-Jack qui fournit suffisamment d&#8217;\u00e9nergie. Avec l&#8217;alimentation, les disques durs SATA 2,5&#8243; ou 3,5&#8243; peuvent \u00eatre connect\u00e9s. Veuillez noter qu&#8217;une alimentation \u00e9lectrique est obligatoire pour connecter un disque dur SATA 3,5&#8243;.<\/span><\/li>\n<\/ul>\n","protected":false},"excerpt":{"rendered":"<p>pour disque dur\/SSD 3,5\/2,5 pouces avec adaptateur d&#8217;alimentation 12 V\/2 A prend en charge UASP<\/p>\n","protected":false},"featured_media":1271,"comment_status":"open","ping_status":"closed","template":"","meta":[],"product_brand":[],"product_cat":[4413],"product_tag":[],"class_list":{"0":"post-1268","1":"product","2":"type-product","3":"status-publish","4":"has-post-thumbnail","6":"product_cat-accessories","8":"first","9":"instock","10":"sale","11":"shipping-taxable","12":"purchasable","13":"product-type-simple"},"yoast_head":"<!-- This site is optimized with the Yoast SEO plugin v27.3 - https:\/\/yoast.com\/product\/yoast-seo-wordpress\/ -->\n<title>C\u00e2ble Adaptateur Sata USB 3.0 -<\/title>\n<meta name=\"robots\" content=\"index, follow, max-snippet:-1, max-image-preview:large, max-video-preview:-1\" \/>\n<link rel=\"canonical\" href=\"https:\/\/bcits.eu\/index.php\/product\/cable-adaptateur-sata-usb-3-0\/\" \/>\n<meta property=\"og:locale\" content=\"en_US\" \/>\n<meta property=\"og:type\" content=\"article\" \/>\n<meta property=\"og:title\" content=\"C\u00e2ble Adaptateur Sata USB 3.0 -\" \/>\n<meta property=\"og:description\" content=\"pour disque dur\/SSD 3,5\/2,5 pouces avec adaptateur d&#039;alimentation 12 V\/2 A prend en charge UASP\" \/>\n<meta property=\"og:url\" content=\"https:\/\/bcits.eu\/index.php\/product\/cable-adaptateur-sata-usb-3-0\/\" \/>\n<meta property=\"article:modified_time\" content=\"2024-12-18T18:04:43+00:00\" \/>\n<meta property=\"og:image\" content=\"https:\/\/bcits.eu\/wp-content\/uploads\/2024\/12\/710KQanKyXL._SL1500_.jpg\" \/>\n\t<meta property=\"og:image:width\" content=\"1200\" \/>\n\t<meta property=\"og:image:height\" content=\"1500\" \/>\n\t<meta property=\"og:image:type\" content=\"image\/jpeg\" \/>\n<meta name=\"twitter:card\" content=\"summary_large_image\" \/>\n<meta name=\"twitter:label1\" content=\"Est. reading time\" \/>\n\t<meta name=\"twitter:data1\" content=\"1 minute\" \/>\n<script type=\"application\/ld+json\" class=\"yoast-schema-graph\">{\"@context\":\"https:\\\/\\\/schema.org\",\"@graph\":[{\"@type\":\"WebPage\",\"@id\":\"https:\\\/\\\/bcits.eu\\\/index.php\\\/product\\\/cable-adaptateur-sata-usb-3-0\\\/\",\"url\":\"https:\\\/\\\/bcits.eu\\\/index.php\\\/product\\\/cable-adaptateur-sata-usb-3-0\\\/\",\"name\":\"C\u00e2ble Adaptateur Sata USB 3.0 -\",\"isPartOf\":{\"@id\":\"https:\\\/\\\/bcits.eu\\\/#website\"},\"primaryImageOfPage\":{\"@id\":\"https:\\\/\\\/bcits.eu\\\/index.php\\\/product\\\/cable-adaptateur-sata-usb-3-0\\\/#primaryimage\"},\"image\":{\"@id\":\"https:\\\/\\\/bcits.eu\\\/index.php\\\/product\\\/cable-adaptateur-sata-usb-3-0\\\/#primaryimage\"},\"thumbnailUrl\":\"https:\\\/\\\/bcits.eu\\\/wp-content\\\/uploads\\\/2024\\\/12\\\/710KQanKyXL._SL1500_.jpg\",\"datePublished\":\"2024-12-18T18:01:53+00:00\",\"dateModified\":\"2024-12-18T18:04:43+00:00\",\"breadcrumb\":{\"@id\":\"https:\\\/\\\/bcits.eu\\\/index.php\\\/product\\\/cable-adaptateur-sata-usb-3-0\\\/#breadcrumb\"},\"inLanguage\":\"en-US\",\"potentialAction\":[{\"@type\":\"ReadAction\",\"target\":[\"https:\\\/\\\/bcits.eu\\\/index.php\\\/product\\\/cable-adaptateur-sata-usb-3-0\\\/\"]}]},{\"@type\":\"ImageObject\",\"inLanguage\":\"en-US\",\"@id\":\"https:\\\/\\\/bcits.eu\\\/index.php\\\/product\\\/cable-adaptateur-sata-usb-3-0\\\/#primaryimage\",\"url\":\"https:\\\/\\\/bcits.eu\\\/wp-content\\\/uploads\\\/2024\\\/12\\\/710KQanKyXL._SL1500_.jpg\",\"contentUrl\":\"https:\\\/\\\/bcits.eu\\\/wp-content\\\/uploads\\\/2024\\\/12\\\/710KQanKyXL._SL1500_.jpg\",\"width\":1200,\"height\":1500},{\"@type\":\"BreadcrumbList\",\"@id\":\"https:\\\/\\\/bcits.eu\\\/index.php\\\/product\\\/cable-adaptateur-sata-usb-3-0\\\/#breadcrumb\",\"itemListElement\":[{\"@type\":\"ListItem\",\"position\":1,\"name\":\"Home\",\"item\":\"https:\\\/\\\/bcits.eu\\\/\"},{\"@type\":\"ListItem\",\"position\":2,\"name\":\"Shop\",\"item\":\"https:\\\/\\\/bcits.eu\\\/index.php\\\/shop\\\/\"},{\"@type\":\"ListItem\",\"position\":3,\"name\":\"C\u00e2ble Adaptateur Sata USB 3.0\"}]},{\"@type\":\"WebSite\",\"@id\":\"https:\\\/\\\/bcits.eu\\\/#website\",\"url\":\"https:\\\/\\\/bcits.eu\\\/\",\"name\":\"BCITS\",\"description\":\"\",\"publisher\":{\"@id\":\"https:\\\/\\\/bcits.eu\\\/#organization\"},\"potentialAction\":[{\"@type\":\"SearchAction\",\"target\":{\"@type\":\"EntryPoint\",\"urlTemplate\":\"https:\\\/\\\/bcits.eu\\\/?s={search_term_string}\"},\"query-input\":{\"@type\":\"PropertyValueSpecification\",\"valueRequired\":true,\"valueName\":\"search_term_string\"}}],\"inLanguage\":\"en-US\"},{\"@type\":\"Organization\",\"@id\":\"https:\\\/\\\/bcits.eu\\\/#organization\",\"name\":\"BCITS\",\"url\":\"https:\\\/\\\/bcits.eu\\\/\",\"logo\":{\"@type\":\"ImageObject\",\"inLanguage\":\"en-US\",\"@id\":\"https:\\\/\\\/bcits.eu\\\/#\\\/schema\\\/logo\\\/image\\\/\",\"url\":\"https:\\\/\\\/bcits.eu\\\/wp-content\\\/uploads\\\/2021\\\/04\\\/cropped-BCITS_logo-1-1.png\",\"contentUrl\":\"https:\\\/\\\/bcits.eu\\\/wp-content\\\/uploads\\\/2021\\\/04\\\/cropped-BCITS_logo-1-1.png\",\"width\":516,\"height\":250,\"caption\":\"BCITS\"},\"image\":{\"@id\":\"https:\\\/\\\/bcits.eu\\\/#\\\/schema\\\/logo\\\/image\\\/\"},\"sameAs\":[\"https:\\\/\\\/www.linkedin.com\\\/company\\\/bcits-independent\\\/\"]}]}<\/script>\n<!-- \/ Yoast SEO plugin. -->","yoast_head_json":{"title":"C\u00e2ble Adaptateur Sata USB 3.0 -","robots":{"index":"index","follow":"follow","max-snippet":"max-snippet:-1","max-image-preview":"max-image-preview:large","max-video-preview":"max-video-preview:-1"},"canonical":"https:\/\/bcits.eu\/index.php\/product\/cable-adaptateur-sata-usb-3-0\/","og_locale":"en_US","og_type":"article","og_title":"C\u00e2ble Adaptateur Sata USB 3.0 -","og_description":"pour disque dur\/SSD 3,5\/2,5 pouces avec adaptateur d'alimentation 12 V\/2 A prend en charge UASP","og_url":"https:\/\/bcits.eu\/index.php\/product\/cable-adaptateur-sata-usb-3-0\/","article_modified_time":"2024-12-18T18:04:43+00:00","og_image":[{"width":1200,"height":1500,"url":"https:\/\/bcits.eu\/wp-content\/uploads\/2024\/12\/710KQanKyXL._SL1500_.jpg","type":"image\/jpeg"}],"twitter_card":"summary_large_image","twitter_misc":{"Est. reading time":"1 minute"},"schema":{"@context":"https:\/\/schema.org","@graph":[{"@type":"WebPage","@id":"https:\/\/bcits.eu\/index.php\/product\/cable-adaptateur-sata-usb-3-0\/","url":"https:\/\/bcits.eu\/index.php\/product\/cable-adaptateur-sata-usb-3-0\/","name":"C\u00e2ble Adaptateur Sata USB 3.0 -","isPartOf":{"@id":"https:\/\/bcits.eu\/#website"},"primaryImageOfPage":{"@id":"https:\/\/bcits.eu\/index.php\/product\/cable-adaptateur-sata-usb-3-0\/#primaryimage"},"image":{"@id":"https:\/\/bcits.eu\/index.php\/product\/cable-adaptateur-sata-usb-3-0\/#primaryimage"},"thumbnailUrl":"https:\/\/bcits.eu\/wp-content\/uploads\/2024\/12\/710KQanKyXL._SL1500_.jpg","datePublished":"2024-12-18T18:01:53+00:00","dateModified":"2024-12-18T18:04:43+00:00","breadcrumb":{"@id":"https:\/\/bcits.eu\/index.php\/product\/cable-adaptateur-sata-usb-3-0\/#breadcrumb"},"inLanguage":"en-US","potentialAction":[{"@type":"ReadAction","target":["https:\/\/bcits.eu\/index.php\/product\/cable-adaptateur-sata-usb-3-0\/"]}]},{"@type":"ImageObject","inLanguage":"en-US","@id":"https:\/\/bcits.eu\/index.php\/product\/cable-adaptateur-sata-usb-3-0\/#primaryimage","url":"https:\/\/bcits.eu\/wp-content\/uploads\/2024\/12\/710KQanKyXL._SL1500_.jpg","contentUrl":"https:\/\/bcits.eu\/wp-content\/uploads\/2024\/12\/710KQanKyXL._SL1500_.jpg","width":1200,"height":1500},{"@type":"BreadcrumbList","@id":"https:\/\/bcits.eu\/index.php\/product\/cable-adaptateur-sata-usb-3-0\/#breadcrumb","itemListElement":[{"@type":"ListItem","position":1,"name":"Home","item":"https:\/\/bcits.eu\/"},{"@type":"ListItem","position":2,"name":"Shop","item":"https:\/\/bcits.eu\/index.php\/shop\/"},{"@type":"ListItem","position":3,"name":"C\u00e2ble Adaptateur Sata USB 3.0"}]},{"@type":"WebSite","@id":"https:\/\/bcits.eu\/#website","url":"https:\/\/bcits.eu\/","name":"BCITS","description":"","publisher":{"@id":"https:\/\/bcits.eu\/#organization"},"potentialAction":[{"@type":"SearchAction","target":{"@type":"EntryPoint","urlTemplate":"https:\/\/bcits.eu\/?s={search_term_string}"},"query-input":{"@type":"PropertyValueSpecification","valueRequired":true,"valueName":"search_term_string"}}],"inLanguage":"en-US"},{"@type":"Organization","@id":"https:\/\/bcits.eu\/#organization","name":"BCITS","url":"https:\/\/bcits.eu\/","logo":{"@type":"ImageObject","inLanguage":"en-US","@id":"https:\/\/bcits.eu\/#\/schema\/logo\/image\/","url":"https:\/\/bcits.eu\/wp-content\/uploads\/2021\/04\/cropped-BCITS_logo-1-1.png","contentUrl":"https:\/\/bcits.eu\/wp-content\/uploads\/2021\/04\/cropped-BCITS_logo-1-1.png","width":516,"height":250,"caption":"BCITS"},"image":{"@id":"https:\/\/bcits.eu\/#\/schema\/logo\/image\/"},"sameAs":["https:\/\/www.linkedin.com\/company\/bcits-independent\/"]}]}},"_links":{"self":[{"href":"https:\/\/bcits.eu\/index.php\/wp-json\/wp\/v2\/product\/1268","targetHints":{"allow":["GET"]}}],"collection":[{"href":"https:\/\/bcits.eu\/index.php\/wp-json\/wp\/v2\/product"}],"about":[{"href":"https:\/\/bcits.eu\/index.php\/wp-json\/wp\/v2\/types\/product"}],"replies":[{"embeddable":true,"href":"https:\/\/bcits.eu\/index.php\/wp-json\/wp\/v2\/comments?post=1268"}],"wp:featuredmedia":[{"embeddable":true,"href":"https:\/\/bcits.eu\/index.php\/wp-json\/wp\/v2\/media\/1271"}],"wp:attachment":[{"href":"https:\/\/bcits.eu\/index.php\/wp-json\/wp\/v2\/media?parent=1268"}],"wp:term":[{"taxonomy":"product_brand","embeddable":true,"href":"https:\/\/bcits.eu\/index.php\/wp-json\/wp\/v2\/product_brand?post=1268"},{"taxonomy":"product_cat","embeddable":true,"href":"https:\/\/bcits.eu\/index.php\/wp-json\/wp\/v2\/product_cat?post=1268"},{"taxonomy":"product_tag","embeddable":true,"href":"https:\/\/bcits.eu\/index.php\/wp-json\/wp\/v2\/product_tag?post=1268"}],"curies":[{"name":"wp","href":"https:\/\/api.w.org\/{rel}","templated":true}]}}